{"id":2994,"date":"2024-07-02T06:09:14","date_gmt":"2024-07-02T06:09:14","guid":{"rendered":"https:\/\/qualitytrucktyres.com\/haftungsausschluss\/"},"modified":"2025-11-21T12:14:01","modified_gmt":"2025-11-21T12:14:01","slug":"clause-de-non-responsabilite","status":"publish","type":"page","link":"https:\/\/qualitytrucktyres.com\/fr\/clause-de-non-responsabilite\/","title":{"rendered":"Clause de non-responsabilit\u00e9"},"content":{"rendered":"<p>[et_pb_section fb_built=\u00a0\u00bb1&Prime; _builder_version=\u00a0\u00bb4.20.4&Prime; _module_preset=\u00a0\u00bbdefault\u00a0\u00bb background_enable_color=\u00a0\u00bboff\u00a0\u00bb custom_padding=\u00a0\u00bb3%||3%||true|false\u00a0\u00bb da_disable_devices=\u00a0\u00bboff|off|off\u00a0\u00bb global_colors_info=\u00a0\u00bb{}\u00a0\u00bb da_is_popup=\u00a0\u00bboff\u00a0\u00bb da_exit_intent=\u00a0\u00bboff\u00a0\u00bb da_has_close=\u00a0\u00bbon\u00a0\u00bb da_alt_close=\u00a0\u00bboff\u00a0\u00bb da_dark_close=\u00a0\u00bboff\u00a0\u00bb da_not_modal=\u00a0\u00bbon\u00a0\u00bb da_is_singular=\u00a0\u00bboff\u00a0\u00bb da_with_loader=\u00a0\u00bboff\u00a0\u00bb da_has_shadow=\u00a0\u00bbon\u00a0\u00bb][et_pb_row _builder_version=\u00a0\u00bb4.20.4&Prime; _module_preset=\u00a0\u00bbdefault\u00a0\u00bb global_colors_info=\u00a0\u00bb{}\u00a0\u00bb][et_pb_column type=\u00a0\u00bb4_4&Prime; _builder_version=\u00a0\u00bb4.20.4&Prime; _module_preset=\u00a0\u00bbdefault\u00a0\u00bb global_colors_info=\u00a0\u00bb{}\u00a0\u00bb][et_pb_text _builder_version=\u00a0\u00bb4.27.4&Prime; _module_preset=\u00a0\u00bbe995f3bf-10c1-4833-a5fc-6018ed297e33&Prime; text_font_size=\u00a0\u00bb16px\u00a0\u00bb text_line_height=\u00a0\u00bb2em\u00a0\u00bb header_font=\u00a0\u00bbUbuntu|700|||||||\u00a0\u00bb header_font_size=\u00a0\u00bb28px\u00a0\u00bb header_2_font=\u00a0\u00bbUbuntu|700|||||||\u00a0\u00bb header_2_font_size=\u00a0\u00bb24px\u00a0\u00bb header_4_font=\u00a0\u00bbUbuntu|700|||||||\u00a0\u00bb header_4_font_size=\u00a0\u00bb28px\u00a0\u00bb header_5_font=\u00a0\u00bbUbuntu|700|||||||\u00a0\u00bb header_5_font_size=\u00a0\u00bb24px\u00a0\u00bb module_alignment=\u00a0\u00bbcenter\u00a0\u00bb custom_margin=\u00a0\u00bb||||false|false\u00a0\u00bb global_colors_info=\u00a0\u00bb{}\u00a0\u00bb text_text_color=\u00a0\u00bb#000000&Prime;]<\/p>\n<h1>Clause de non-responsabilit\u00e9<\/h1>\n<p>Les informations publi\u00e9es sur ce site web sont compil\u00e9es avec le plus grand soin par <a href=\"https:\/\/www.inter-sprint.fr\/\" target=\"_blank\" rel=\"noopener\">Inter-Sprint Banden B.V.<\/a> et ses soci\u00e9t\u00e9s affili\u00e9es, ci-apr\u00e8s d\u00e9nomm\u00e9es \u00ab Inter-Sprint \u00bb. Malgr\u00e9 tout le soin apport\u00e9 \u00e0 leur pr\u00e9paration, ces informations ne conf\u00e8rent aucun droit aux utilisateurs.<\/p>\n<p>Inter-Sprint d\u00e9cline express\u00e9ment toute responsabilit\u00e9 concernant l\u2019exactitude, l\u2019exhaustivit\u00e9 et l\u2019actualit\u00e9 des informations fournies, ainsi que concernant l\u2019utilisation ininterrompue du site. <a href=\"https:\/\/www.inter-sprint.fr\/\" target=\"_blank\" rel=\"noopener\">Inter-Sprint<\/a> ne peut \u00eatre tenue responsable des \u00e9ventuelles fautes, erreurs ou omissions pr\u00e9sentes sur ce site, ni des cons\u00e9quences qui pourraient en d\u00e9couler.<\/p>\n<h2>Droits d\u2019auteur et propri\u00e9t\u00e9 intellectuelle<\/h2>\n<p>Tous les droits d\u2019auteur et autres droits de propri\u00e9t\u00e9 intellectuelle li\u00e9s au contenu et \u00e0 la pr\u00e9sentation de ce site appartiennent exclusivement \u00e0 <a href=\"https:\/\/www.inter-sprint.fr\/\" target=\"_blank\" rel=\"noopener\">Inter-Sprint<\/a>. Ces \u00e9l\u00e9ments sont prot\u00e9g\u00e9s par le droit d\u2019auteur et le droit des marques, et leur utilisation sans autorisation pr\u00e9alable \u00e9crite est strictement interdite.<\/p>\n<p>Aucune information pr\u00e9sente sur ce site ne peut \u00eatre copi\u00e9e, t\u00e9l\u00e9charg\u00e9e, reproduite, diffus\u00e9e, rendue publique ou distribu\u00e9e de quelque mani\u00e8re que ce soit sans l\u2019autorisation \u00e9crite<\/p>\n<h2>Modifications<\/h2>\n<p><a href=\"https:\/\/www.inter-sprint.fr\/\" target=\"_blank\" rel=\"noopener\">Inter-Sprint<\/a> se r\u00e9serve le droit de modifier \u00e0 tout moment les informations fournies sur ce site web, y compris le contenu de cette clause de non-responsabilit\u00e9.<\/p>\n<p>[\/et_pb_text][\/et_pb_column][\/et_pb_row][\/et_pb_section][et_pb_section fb_built=\u00a0\u00bb1&Prime; custom_padding_last_edited=\u00a0\u00bbon|phone\u00a0\u00bb _builder_version=\u00a0\u00bb4.27.4&Prime; _module_preset=\u00a0\u00bbdefault\u00a0\u00bb background_color=\u00a0\u00bb#e02b20&Prime; custom_padding_tablet=\u00a0\u00bb\u00a0\u00bb custom_padding_phone=\u00a0\u00bb6%||6%||true|false\u00a0\u00bb da_disable_devices=\u00a0\u00bboff|off|off\u00a0\u00bb global_colors_info=\u00a0\u00bb{}\u00a0\u00bb da_is_popup=\u00a0\u00bboff\u00a0\u00bb da_exit_intent=\u00a0\u00bboff\u00a0\u00bb da_has_close=\u00a0\u00bbon\u00a0\u00bb da_alt_close=\u00a0\u00bboff\u00a0\u00bb da_dark_close=\u00a0\u00bboff\u00a0\u00bb da_not_modal=\u00a0\u00bbon\u00a0\u00bb da_is_singular=\u00a0\u00bboff\u00a0\u00bb da_with_loader=\u00a0\u00bboff\u00a0\u00bb da_has_shadow=\u00a0\u00bbon\u00a0\u00bb][et_pb_row custom_padding_last_edited=\u00a0\u00bbon|phone\u00a0\u00bb _builder_version=\u00a0\u00bb4.27.4&Prime; _module_preset=\u00a0\u00bbdefault\u00a0\u00bb width_tablet=\u00a0\u00bb\u00a0\u00bb width_phone=\u00a0\u00bb90%\u00a0\u00bb width_last_edited=\u00a0\u00bbon|phone\u00a0\u00bb max_width=\u00a0\u00bb780px\u00a0\u00bb max_width_tablet=\u00a0\u00bb780px\u00a0\u00bb max_width_phone=\u00a0\u00bb100%\u00a0\u00bb max_width_last_edited=\u00a0\u00bbon|phone\u00a0\u00bb custom_padding_tablet=\u00a0\u00bb\u00a0\u00bb custom_padding_phone=\u00a0\u00bb0px||0px||true|false\u00a0\u00bb global_colors_info=\u00a0\u00bb{}\u00a0\u00bb][et_pb_column type=\u00a0\u00bb4_4&Prime; _builder_version=\u00a0\u00bb4.27.0&Prime; _module_preset=\u00a0\u00bbdefault\u00a0\u00bb global_colors_info=\u00a0\u00bb{}\u00a0\u00bb][et_pb_text _builder_version=\u00a0\u00bb4.27.4&Prime; _module_preset=\u00a0\u00bbdefault\u00a0\u00bb text_text_color=\u00a0\u00bb#FFFFFF\u00a0\u00bb text_font_size=\u00a0\u00bb16px\u00a0\u00bb text_line_height=\u00a0\u00bb2em\u00a0\u00bb header_2_font=\u00a0\u00bbUbuntu|700|||||||\u00a0\u00bb header_2_text_color=\u00a0\u00bb#FFFFFF\u00a0\u00bb header_2_font_size=\u00a0\u00bb24px\u00a0\u00bb header_2_line_height=\u00a0\u00bb1.4em\u00a0\u00bb header_4_font=\u00a0\u00bbUbuntu|700|||||||\u00a0\u00bb header_4_text_align=\u00a0\u00bbcenter\u00a0\u00bb header_4_text_color=\u00a0\u00bb#FFFFFF\u00a0\u00bb header_4_font_size=\u00a0\u00bb24px\u00a0\u00bb header_4_line_height=\u00a0\u00bb1.4em\u00a0\u00bb text_orientation=\u00a0\u00bbcenter\u00a0\u00bb header_2_font_size_tablet=\u00a0\u00bb24px\u00a0\u00bb header_2_font_size_phone=\u00a0\u00bb20px\u00a0\u00bb header_2_font_size_last_edited=\u00a0\u00bbon|desktop\u00a0\u00bb header_4_font_size_tablet=\u00a0\u00bb24px\u00a0\u00bb header_4_font_size_phone=\u00a0\u00bb20px\u00a0\u00bb header_4_font_size_last_edited=\u00a0\u00bbon|phone\u00a0\u00bb global_colors_info=\u00a0\u00bb{}\u00a0\u00bb]<\/p>\n<h2>Devenir client d\u2019Inter-Sprint<\/h2>\n<p>En tant que grossiste en pneus poids lourds, Inter-Sprint vous garantit un large choix de produits et un service de qualit\u00e9. Vous souhaitez b\u00e9n\u00e9ficier de tous nos avantages ? Cliquez sur le bouton ci-dessous et remplissez le formulaire d\u2019inscription. Nous vous contacterons rapidement pour finaliser votre demande.[\/et_pb_text][et_pb_button button_url=\u00a0\u00bbhttps:\/\/qualitytrucktyres.com\/fr\/devenir-client\/\u00a0\u00bb button_text=\u00a0\u00bbInscription gratuite et sans engagement\u00a0\u00bb button_alignment=\u00a0\u00bbcenter\u00a0\u00bb _builder_version=\u00a0\u00bb4.27.4&Prime; _module_preset=\u00a0\u00bbdefault\u00a0\u00bb custom_button=\u00a0\u00bbon\u00a0\u00bb button_text_size=\u00a0\u00bb22px\u00a0\u00bb button_text_color=\u00a0\u00bb#e02b20&Prime; button_bg_color=\u00a0\u00bb#FFFFFF\u00a0\u00bb button_border_color=\u00a0\u00bb#e02b20&Prime; button_border_radius=\u00a0\u00bb4px\u00a0\u00bb button_font=\u00a0\u00bbUbuntu|700|||||||\u00a0\u00bb button_use_icon=\u00a0\u00bboff\u00a0\u00bb custom_padding=\u00a0\u00bb1%|2%|1%|2%|true|true\u00a0\u00bb custom_padding_tablet=\u00a0\u00bb1%|2%|1%|2%|true|true\u00a0\u00bb custom_padding_phone=\u00a0\u00bb3%|2%|3%|2%|true|true\u00a0\u00bb custom_padding_last_edited=\u00a0\u00bbon|phone\u00a0\u00bb button_text_size_tablet=\u00a0\u00bb22px\u00a0\u00bb button_text_size_phone=\u00a0\u00bb16px\u00a0\u00bb button_text_size_last_edited=\u00a0\u00bbon|phone\u00a0\u00bb global_colors_info=\u00a0\u00bb{}\u00a0\u00bb button_bg_color__hover_enabled=\u00a0\u00bbon|hover\u00a0\u00bb button_bg_color__hover=\u00a0\u00bb#262626&Prime; button_bg_enable_color__hover=\u00a0\u00bbon\u00a0\u00bb button_border_color__hover_enabled=\u00a0\u00bbon|hover\u00a0\u00bb button_border_color__hover=\u00a0\u00bb#262626&Prime; button_text_color__hover_enabled=\u00a0\u00bbon|hover\u00a0\u00bb button_text_color__hover=\u00a0\u00bb#FFFFFF\u00a0\u00bb][\/et_pb_button][\/et_pb_column][\/et_pb_row][\/et_pb_section]<\/p>\n","protected":false},"excerpt":{"rendered":"<p>Clause de non-responsabilit\u00e9 Les informations publi\u00e9es sur ce site web sont compil\u00e9es avec le plus grand soin par Inter-Sprint Banden B.V. et ses soci\u00e9t\u00e9s affili\u00e9es, ci-apr\u00e8s d\u00e9nomm\u00e9es \u00ab Inter-Sprint \u00bb. Malgr\u00e9 tout le soin apport\u00e9 \u00e0 leur pr\u00e9paration, ces informations ne conf\u00e8rent aucun droit aux utilisateurs. Inter-Sprint d\u00e9cline express\u00e9ment toute responsabilit\u00e9 concernant l\u2019exactitude, l\u2019exhaustivit\u00e9 et [&hellip;]<\/p>\n","protected":false},"author":1,"featured_media":0,"parent":0,"menu_order":0,"comment_status":"closed","ping_status":"closed","template":"","meta":{"_et_pb_use_builder":"on","_et_pb_old_content":"","_et_gb_content_width":"","footnotes":""},"difl_page_category":[],"class_list":["post-2994","page","type-page","status-publish","hentry"],"yoast_head":"<!-- This site is optimized with the Yoast SEO Premium plugin v27.4 (Yoast SEO v27.4) - https:\/\/yoast.com\/product\/yoast-seo-premium-wordpress\/ -->\n<title>Clause de non-responsabilit\u00e9 | Quality Truck Tyres<\/title>\n<meta name=\"robots\" content=\"noindex, follow\" \/>\n<meta property=\"og:locale\" content=\"fr_FR\" \/>\n<meta property=\"og:type\" content=\"article\" \/>\n<meta property=\"og:title\" content=\"Clause de non-responsabilit\u00e9\" \/>\n<meta property=\"og:description\" content=\"Clause de non-responsabilit\u00e9 Les informations publi\u00e9es sur ce site web sont compil\u00e9es avec le plus grand soin par Inter-Sprint Banden B.V. et ses soci\u00e9t\u00e9s affili\u00e9es, ci-apr\u00e8s d\u00e9nomm\u00e9es \u00ab Inter-Sprint \u00bb. Malgr\u00e9 tout le soin apport\u00e9 \u00e0 leur pr\u00e9paration, ces informations ne conf\u00e8rent aucun droit aux utilisateurs. Inter-Sprint d\u00e9cline express\u00e9ment toute responsabilit\u00e9 concernant l\u2019exactitude, l\u2019exhaustivit\u00e9 et [&hellip;]\" \/>\n<meta property=\"og:url\" content=\"https:\/\/qualitytrucktyres.com\/fr\/clause-de-non-responsabilite\/\" \/>\n<meta property=\"og:site_name\" content=\"Quality Truck Tyres\" \/>\n<meta property=\"article:modified_time\" content=\"2025-11-21T12:14:01+00:00\" \/>\n<meta name=\"twitter:card\" content=\"summary_large_image\" \/>\n<meta name=\"twitter:label1\" content=\"Dur\u00e9e de lecture estim\u00e9e\" \/>\n\t<meta name=\"twitter:data1\" content=\"2 minutes\" \/>\n<script type=\"application\/ld+json\" class=\"yoast-schema-graph\">{\"@context\":\"https:\\\/\\\/schema.org\",\"@graph\":[{\"@type\":\"WebPage\",\"@id\":\"https:\\\/\\\/qualitytrucktyres.com\\\/fr\\\/clause-de-non-responsabilite\\\/\",\"url\":\"https:\\\/\\\/qualitytrucktyres.com\\\/fr\\\/clause-de-non-responsabilite\\\/\",\"name\":\"Clause de non-responsabilit\u00e9 | Quality Truck Tyres\",\"isPartOf\":{\"@id\":\"https:\\\/\\\/qualitytrucktyres.com\\\/fr\\\/#website\"},\"datePublished\":\"2024-07-02T06:09:14+00:00\",\"dateModified\":\"2025-11-21T12:14:01+00:00\",\"breadcrumb\":{\"@id\":\"https:\\\/\\\/qualitytrucktyres.com\\\/fr\\\/clause-de-non-responsabilite\\\/#breadcrumb\"},\"inLanguage\":\"fr-FR\",\"potentialAction\":[{\"@type\":\"ReadAction\",\"target\":[\"https:\\\/\\\/qualitytrucktyres.com\\\/fr\\\/clause-de-non-responsabilite\\\/\"]}]},{\"@type\":\"BreadcrumbList\",\"@id\":\"https:\\\/\\\/qualitytrucktyres.com\\\/fr\\\/clause-de-non-responsabilite\\\/#breadcrumb\",\"itemListElement\":[{\"@type\":\"ListItem\",\"position\":1,\"name\":\"Home\",\"item\":\"https:\\\/\\\/qualitytrucktyres.com\\\/fr\\\/\"},{\"@type\":\"ListItem\",\"position\":2,\"name\":\"Clause de non-responsabilit\u00e9\"}]},{\"@type\":\"WebSite\",\"@id\":\"https:\\\/\\\/qualitytrucktyres.com\\\/fr\\\/#website\",\"url\":\"https:\\\/\\\/qualitytrucktyres.com\\\/fr\\\/\",\"name\":\"Quality Truck Tyres\",\"description\":\"Der Lkw Reifen Grosshandel f\u00fcr Ihr Business\",\"potentialAction\":[{\"@type\":\"SearchAction\",\"target\":{\"@type\":\"EntryPoint\",\"urlTemplate\":\"https:\\\/\\\/qualitytrucktyres.com\\\/fr\\\/?s={search_term_string}\"},\"query-input\":{\"@type\":\"PropertyValueSpecification\",\"valueRequired\":true,\"valueName\":\"search_term_string\"}}],\"inLanguage\":\"fr-FR\"}]}<\/script>\n<!-- \/ Yoast SEO Premium plugin. -->","yoast_head_json":{"title":"Clause de non-responsabilit\u00e9 | Quality Truck Tyres","robots":{"index":"noindex","follow":"follow"},"og_locale":"fr_FR","og_type":"article","og_title":"Clause de non-responsabilit\u00e9","og_description":"Clause de non-responsabilit\u00e9 Les informations publi\u00e9es sur ce site web sont compil\u00e9es avec le plus grand soin par Inter-Sprint Banden B.V. et ses soci\u00e9t\u00e9s affili\u00e9es, ci-apr\u00e8s d\u00e9nomm\u00e9es \u00ab Inter-Sprint \u00bb. Malgr\u00e9 tout le soin apport\u00e9 \u00e0 leur pr\u00e9paration, ces informations ne conf\u00e8rent aucun droit aux utilisateurs. Inter-Sprint d\u00e9cline express\u00e9ment toute responsabilit\u00e9 concernant l\u2019exactitude, l\u2019exhaustivit\u00e9 et [&hellip;]","og_url":"https:\/\/qualitytrucktyres.com\/fr\/clause-de-non-responsabilite\/","og_site_name":"Quality Truck Tyres","article_modified_time":"2025-11-21T12:14:01+00:00","twitter_card":"summary_large_image","twitter_misc":{"Dur\u00e9e de lecture estim\u00e9e":"2 minutes"},"schema":{"@context":"https:\/\/schema.org","@graph":[{"@type":"WebPage","@id":"https:\/\/qualitytrucktyres.com\/fr\/clause-de-non-responsabilite\/","url":"https:\/\/qualitytrucktyres.com\/fr\/clause-de-non-responsabilite\/","name":"Clause de non-responsabilit\u00e9 | Quality Truck Tyres","isPartOf":{"@id":"https:\/\/qualitytrucktyres.com\/fr\/#website"},"datePublished":"2024-07-02T06:09:14+00:00","dateModified":"2025-11-21T12:14:01+00:00","breadcrumb":{"@id":"https:\/\/qualitytrucktyres.com\/fr\/clause-de-non-responsabilite\/#breadcrumb"},"inLanguage":"fr-FR","potentialAction":[{"@type":"ReadAction","target":["https:\/\/qualitytrucktyres.com\/fr\/clause-de-non-responsabilite\/"]}]},{"@type":"BreadcrumbList","@id":"https:\/\/qualitytrucktyres.com\/fr\/clause-de-non-responsabilite\/#breadcrumb","itemListElement":[{"@type":"ListItem","position":1,"name":"Home","item":"https:\/\/qualitytrucktyres.com\/fr\/"},{"@type":"ListItem","position":2,"name":"Clause de non-responsabilit\u00e9"}]},{"@type":"WebSite","@id":"https:\/\/qualitytrucktyres.com\/fr\/#website","url":"https:\/\/qualitytrucktyres.com\/fr\/","name":"Quality Truck Tyres","description":"Der Lkw Reifen Grosshandel f\u00fcr Ihr Business","potentialAction":[{"@type":"SearchAction","target":{"@type":"EntryPoint","urlTemplate":"https:\/\/qualitytrucktyres.com\/fr\/?s={search_term_string}"},"query-input":{"@type":"PropertyValueSpecification","valueRequired":true,"valueName":"search_term_string"}}],"inLanguage":"fr-FR"}]}},"_links":{"self":[{"href":"https:\/\/qualitytrucktyres.com\/fr\/wp-json\/wp\/v2\/pages\/2994","targetHints":{"allow":["GET"]}}],"collection":[{"href":"https:\/\/qualitytrucktyres.com\/fr\/wp-json\/wp\/v2\/pages"}],"about":[{"href":"https:\/\/qualitytrucktyres.com\/fr\/wp-json\/wp\/v2\/types\/page"}],"author":[{"embeddable":true,"href":"https:\/\/qualitytrucktyres.com\/fr\/wp-json\/wp\/v2\/users\/1"}],"replies":[{"embeddable":true,"href":"https:\/\/qualitytrucktyres.com\/fr\/wp-json\/wp\/v2\/comments?post=2994"}],"version-history":[{"count":13,"href":"https:\/\/qualitytrucktyres.com\/fr\/wp-json\/wp\/v2\/pages\/2994\/revisions"}],"predecessor-version":[{"id":5001,"href":"https:\/\/qualitytrucktyres.com\/fr\/wp-json\/wp\/v2\/pages\/2994\/revisions\/5001"}],"wp:attachment":[{"href":"https:\/\/qualitytrucktyres.com\/fr\/wp-json\/wp\/v2\/media?parent=2994"}],"wp:term":[{"taxonomy":"difl_page_category","embeddable":true,"href":"https:\/\/qualitytrucktyres.com\/fr\/wp-json\/wp\/v2\/difl_page_category?post=2994"}],"curies":[{"name":"wp","href":"https:\/\/api.w.org\/{rel}","templated":true}]}}